{"id":595,"date":"2022-02-15T12:50:40","date_gmt":"2022-02-15T11:50:40","guid":{"rendered":"https:\/\/recovered-carbon-black.com\/?page_id=595"},"modified":"2023-01-19T11:07:43","modified_gmt":"2023-01-19T10:07:43","slug":"impressum","status":"publish","type":"page","link":"https:\/\/recovered-carbon-black.com\/bs\/impressum\/","title":{"rendered":"Impressum"},"content":{"rendered":"\t<div id=\"gap-218805604\" class=\"gap-element clearfix\" style=\"display:block; height:auto;\">\n\t\t\n<style>\n#gap-218805604 {\n  padding-top: 60px;\n}\n<\/style>\n\t<\/div>\n\t\n<div class=\"row\"  id=\"row-1448041478\">\n\n\t<div id=\"col-495057992\" class=\"col medium-6 small-12 large-6\"  >\n\t\t\t\t<div class=\"col-inner\"  >\n\t\t\t\n\t\t\t\n<h1>Impressum<\/h1>\n<p>RCB Nanotehnologija d.o.o. Sarajevo<br \/>\nIgmanska bb<br \/>\nVogo\u0161\u0107a 71320<br \/>\nBosna i Hercegovina<\/p>\n<p>Tel: <a href=\"tel: +387 61371848\">+387 61371848<\/a><\/p>\n<p>Zastupljen od strane generalnog direktora:<br \/>\nNiels Raeder, Hanadi Dzabic<br \/>\nE-Mail: info@recovered-carbon-black.com<br \/>\nInternet adresa: www.recovered-carbon-black.com<\/p>\n<p>Sud za registraciju: Okru\u017eni sud u Minhenu<br \/>\nMati\u010dni broj: HRB 259011<\/p>\n<p>Odgovoran za sadr\u017eaj u smislu \u00a7 55 stav 2 <span class=\"SpellE\">RStV<\/span>: Niels Raeder<\/p>\n\t\t<\/div>\n\t\t\t\t\t<\/div>\n\n\t\n\n\t<div id=\"col-483132726\" class=\"col medium-6 small-12 large-6\"  >\n\t\t\t\t<div class=\"col-inner\"  >\n\t\t\t\n\t\t\t\n<h2>Odricanje od odgovornosti<\/h2>\n<p><strong><br \/>\nOdgovornost za sadr\u017eaj<\/strong><\/p>\n<p>Sadr\u017eaj na\u0161ih stranica kreiran je s velikom pa\u017enjom. Me\u0111utim, ne mo\u017eemo jam\u010diti da je sadr\u017eaj ispravan, potpun ili a\u017euran. Kao pru\u017ealac usluga, odgovorni smo za sopstveni sadr\u017eaj na ovim stranicama u skladu sa \u010dlanom 7, paragraf 1 Nema\u010dkog zakona o telekomunikacijama (TMG).<br \/>\nMe\u0111utim, prema \u00a7\u00a7 8 do 10 TMG, mi kao pru\u017ealac usluga nismo u obavezi da nadgledamo prenete ili pohranjene informacije tre\u0107e strane ili da istra\u017eujemo okolnosti koje ukazuju na nezakonite aktivnosti. Obaveze uklanjanja ili blokiranja kori\u0161tenja informacija prema op\u0107im zakonima ostaju nepromijenjene.<br \/>\nMe\u0111utim, odgovornost u tom pogledu je mogu\u0107a samo od trenutka kada je poznato saznanje o konkretnom kr\u0161enju zakona. \u010cim saznamo za bilo kakvo kr\u0161enje zakona, odmah \u0107emo ukloniti ovaj sadr\u017eaj.<\/p>\n<p><strong>Odgovornost za linkove<\/strong><\/p>\n<p>Na\u0161a ponuda sadr\u017ei linkove ka vanjskim web stranicama tre\u0107ih strana, na \u010diji sadr\u017eaj nemamo utjecaj. Stoga ne mo\u017eemo preuzeti nikakvu odgovornost za ovaj vanjski sadr\u017eaj. Odgovaraju\u0107i provajder ili operater stranica je uvijek odgovoran za sadr\u017eaj povezanih stranica. Povezane stranice su provjerene zbog mogu\u0107ih kr\u0161enja zakona u vrijeme povezivanja. Ilegalni sadr\u017eaj nije bio prepoznatljiv u trenutku povezivanja. Me\u0111utim, stalna kontrola sadr\u017eaja povezanih stranica nije razumna bez konkretnih dokaza o kr\u0161enju. \u010cim saznamo za kr\u0161enje zakona, odmah \u0107emo ukloniti takve linkove.<\/p>\n\t\t<\/div>\n\t\t\t\t\t<\/div>\n\n\t\n<\/div>\n","protected":false},"excerpt":{"rendered":"","protected":false},"author":1,"featured_media":0,"parent":0,"menu_order":0,"comment_status":"closed","ping_status":"closed","template":"page-blank.php","meta":{"inline_featured_image":false,"footnotes":""},"class_list":["post-595","page","type-page","status-publish","hentry"],"_links":{"self":[{"href":"https:\/\/recovered-carbon-black.com\/bs\/wp-json\/wp\/v2\/pages\/595","targetHints":{"allow":["GET"]}}],"collection":[{"href":"https:\/\/recovered-carbon-black.com\/bs\/wp-json\/wp\/v2\/pages"}],"about":[{"href":"https:\/\/recovered-carbon-black.com\/bs\/wp-json\/wp\/v2\/types\/page"}],"author":[{"embeddable":true,"href":"https:\/\/recovered-carbon-black.com\/bs\/wp-json\/wp\/v2\/users\/1"}],"replies":[{"embeddable":true,"href":"https:\/\/recovered-carbon-black.com\/bs\/wp-json\/wp\/v2\/comments?post=595"}],"version-history":[{"count":7,"href":"https:\/\/recovered-carbon-black.com\/bs\/wp-json\/wp\/v2\/pages\/595\/revisions"}],"predecessor-version":[{"id":762,"href":"https:\/\/recovered-carbon-black.com\/bs\/wp-json\/wp\/v2\/pages\/595\/revisions\/762"}],"wp:attachment":[{"href":"https:\/\/recovered-carbon-black.com\/bs\/wp-json\/wp\/v2\/media?parent=595"}],"curies":[{"name":"wp","href":"https:\/\/api.w.org\/{rel}","templated":true}]}}